{"id":2783,"date":"2015-09-26T13:35:28","date_gmt":"2015-09-26T13:35:28","guid":{"rendered":"http:\/\/tabeka.nl\/de\/houten-koffieroerstaafjes-lepeltjes-def\/"},"modified":"2016-03-11T13:37:19","modified_gmt":"2016-03-11T13:37:19","slug":"houten-koffieroerstaafjes-lepeltjes-def","status":"publish","type":"page","link":"https:\/\/www.tabeka.nl\/de\/houten-koffieroerstaafjes-lepeltjes-def\/","title":{"rendered":"H\u00f6lzerne Kaffee R\u00fchrst\u00e4bchen"},"content":{"rendered":"<div class=\"wpb-content-wrapper\"><p>[vc_row][vc_column width=&#8220;1\/4&#8243;]<div class=\"ult-spacer spacer-69f57b8dd8b6d\" data-id=\"69f57b8dd8b6d\" data-height=\"20\" data-height-mobile=\"20\" data-height-tab=\"20\" data-height-tab-portrait=\"\" data-height-mobile-landscape=\"\" style=\"clear:both;display:block;\"><\/div>[vc_widget_sidebar sidebar_id=&#8220;top-area-2&#8243;][\/vc_column][vc_column width=&#8220;1\/4&#8243;]<div class=\"ult-spacer spacer-69f57b8dd8bb0\" data-id=\"69f57b8dd8bb0\" data-height=\"20\" data-height-mobile=\"20\" data-height-tab=\"20\" data-height-tab-portrait=\"\" data-height-mobile-landscape=\"\" style=\"clear:both;display:block;\"><\/div>[vc_single_image image=&#8220;3070&#8243; img_size=&#8220;400 x 300&#8243;][vc_single_image image=&#8220;3068&#8243; img_size=&#8220;400 x300&#8243;][vc_single_image image=&#8220;3069&#8243; img_size=&#8220;400 x 300&#8243;][vc_single_image image=&#8220;2424&#8243; img_size=&#8220;400 x 150&#8243;][\/vc_column][vc_column width=&#8220;1\/2&#8243;]<div class=\"ult-spacer spacer-69f57b8dd8bd2\" data-id=\"69f57b8dd8bd2\" data-height=\"20\" data-height-mobile=\"20\" data-height-tab=\"20\" data-height-tab-portrait=\"\" data-height-mobile-landscape=\"\" style=\"clear:both;display:block;\"><\/div>[vc_column_text]<strong>Kaffee R\u00fchrst\u00e4bchen<\/strong><\/p>\n<p>113 x 10 x 2.0 mm &#8211; (4500 St\u00fcck\/Karton) | Product.code 232.000<\/p>\n<p>&nbsp;<\/p>\n<p>&nbsp;<\/p>\n<p>&nbsp;<\/p>\n<p>&nbsp;<\/p>\n<p>&nbsp;<\/p>\n<p>&nbsp;<\/p>\n<p>140 x 5 x 1.0 mm &#8211; (10 T\u00fcten x 1000 St\u00fcck\/Karton) | Product.code 232.100<\/p>\n<p>&nbsp;<\/p>\n<p>&nbsp;<\/p>\n<p>&nbsp;<\/p>\n<p>&nbsp;<\/p>\n<p>&nbsp;<\/p>\n<p>&nbsp;<\/p>\n<p>&nbsp;<\/p>\n<p>165 x 14 x 1.3 mm (5 T\u00fcten x 1000 St\u00fcck\/Karton) | Product.code 363.100<\/p>\n<p>&nbsp;<\/p>\n<p>&nbsp;<\/p>\n<p>&nbsp;<\/p>\n<p>&nbsp;<\/p>\n<p>&nbsp;<\/p>\n<p>&nbsp;<\/p>\n<p><strong>Kaffee R\u00fchrst\u00e4bchen mit Logo:<\/strong><\/p>\n<p>165 x 14 x 1.5 mm[\/vc_column_text][\/vc_column][\/vc_row]<\/p>\n<\/div>","protected":false},"excerpt":{"rendered":"<p>[vc_row][vc_column width=&#8220;1\/4&#8243;][vc_widget_sidebar sidebar_id=&#8220;top-area-2&#8243;][\/vc_column][vc_column width=&#8220;1\/4&#8243;][vc_single_image image=&#8220;3070&#8243; img_size=&#8220;400 x 300&#8243;][vc_single_image image=&#8220;3068&#8243; img_size=&#8220;400 x300&#8243;][vc_single_image image=&#8220;3069&#8243; img_size=&#8220;400 x 300&#8243;][vc_single_image image=&#8220;2424&#8243; img_size=&#8220;400 x 150&#8243;][\/vc_column][vc_column width=&#8220;1\/2&#8243;][vc_column_text]Kaffee R\u00fchrst\u00e4bchen 113 x 10 x 2.0 [&hellip;]<\/p>\n","protected":false},"author":1,"featured_media":0,"parent":0,"menu_order":0,"comment_status":"open","ping_status":"closed","template":"","meta":{"om_disable_all_campaigns":false,"_monsterinsights_skip_tracking":false,"_monsterinsights_sitenote_active":false,"_monsterinsights_sitenote_note":"","_monsterinsights_sitenote_category":0,"_uf_show_specific_survey":0,"_uf_disable_surveys":false,"footnotes":""},"class_list":["post-2783","page","type-page","status-publish","hentry"],"_links":{"self":[{"href":"https:\/\/www.tabeka.nl\/de\/wp-json\/wp\/v2\/pages\/2783","targetHints":{"allow":["GET"]}}],"collection":[{"href":"https:\/\/www.tabeka.nl\/de\/wp-json\/wp\/v2\/pages"}],"about":[{"href":"https:\/\/www.tabeka.nl\/de\/wp-json\/wp\/v2\/types\/page"}],"author":[{"embeddable":true,"href":"https:\/\/www.tabeka.nl\/de\/wp-json\/wp\/v2\/users\/1"}],"replies":[{"embeddable":true,"href":"https:\/\/www.tabeka.nl\/de\/wp-json\/wp\/v2\/comments?post=2783"}],"version-history":[{"count":22,"href":"https:\/\/www.tabeka.nl\/de\/wp-json\/wp\/v2\/pages\/2783\/revisions"}],"predecessor-version":[{"id":3120,"href":"https:\/\/www.tabeka.nl\/de\/wp-json\/wp\/v2\/pages\/2783\/revisions\/3120"}],"wp:attachment":[{"href":"https:\/\/www.tabeka.nl\/de\/wp-json\/wp\/v2\/media?parent=2783"}],"curies":[{"name":"wp","href":"https:\/\/api.w.org\/{rel}","templated":true}]}}