{"id":2771,"date":"2015-09-09T14:48:30","date_gmt":"2015-09-09T14:48:30","guid":{"rendered":"http:\/\/tabeka.nl\/de\/kleinverpakking\/"},"modified":"2016-05-23T14:06:59","modified_gmt":"2016-05-23T14:06:59","slug":"kleinverpakking","status":"publish","type":"page","link":"https:\/\/www.tabeka.nl\/de\/kleinverpakking\/","title":{"rendered":"kleinen Paket"},"content":{"rendered":"<div class=\"wpb-content-wrapper\"><p>[vc_row][vc_column width=&#8220;1\/4&#8243;]<div class=\"ult-spacer spacer-69f43457c3828\" data-id=\"69f43457c3828\" data-height=\"20\" data-height-mobile=\"20\" data-height-tab=\"20\" data-height-tab-portrait=\"\" data-height-mobile-landscape=\"\" style=\"clear:both;display:block;\"><\/div>[vc_widget_sidebar sidebar_id=&#8220;top-area-2&#8243;][\/vc_column][vc_column width=&#8220;1\/4&#8243;]<div class=\"ult-spacer spacer-69f43457c386f\" data-id=\"69f43457c386f\" data-height=\"20\" data-height-mobile=\"20\" data-height-tab=\"20\" data-height-tab-portrait=\"\" data-height-mobile-landscape=\"\" style=\"clear:both;display:block;\"><\/div>[vc_single_image image=&#8220;3299&#8243; img_size=&#8220;400 X 300&#8243;][vc_single_image image=&#8220;3297&#8243; img_size=&#8220;400 X 300&#8243;][vc_single_image image=&#8220;3295&#8243; img_size=&#8220;400 X 300&#8243;][\/vc_column][vc_column width=&#8220;1\/2&#8243;]<div class=\"ult-spacer spacer-69f43457c3897\" data-id=\"69f43457c3897\" data-height=\"20\" data-height-mobile=\"20\" data-height-tab=\"20\" data-height-tab-portrait=\"\" data-height-mobile-landscape=\"\" style=\"clear:both;display:block;\"><\/div>[vc_column_text]<\/p>\n<h5><strong>kleinen Paket:<\/strong><\/h5>\n<p>Wir k\u00f6nnen au\u00dferdem alle kleinen Paket Spie\u00dfe.<\/p>\n<p>Auch ein Holz in einem PE-Beutel mit oder ohne Druck.[\/vc_column_text][\/vc_column][\/vc_row]<\/p>\n<\/div>","protected":false},"excerpt":{"rendered":"<p>[vc_row][vc_column width=&#8220;1\/4&#8243;][vc_widget_sidebar sidebar_id=&#8220;top-area-2&#8243;][\/vc_column][vc_column width=&#8220;1\/4&#8243;][vc_single_image image=&#8220;3299&#8243; img_size=&#8220;400 X 300&#8243;][vc_single_image image=&#8220;3297&#8243; img_size=&#8220;400 X 300&#8243;][vc_single_image image=&#8220;3295&#8243; img_size=&#8220;400 X 300&#8243;][\/vc_column][vc_column width=&#8220;1\/2&#8243;][vc_column_text] kleinen Paket: Wir k\u00f6nnen au\u00dferdem alle kleinen Paket Spie\u00dfe. [&hellip;]<\/p>\n","protected":false},"author":1,"featured_media":0,"parent":0,"menu_order":0,"comment_status":"open","ping_status":"open","template":"","meta":{"om_disable_all_campaigns":false,"_monsterinsights_skip_tracking":false,"_monsterinsights_sitenote_active":false,"_monsterinsights_sitenote_note":"","_monsterinsights_sitenote_category":0,"_uf_show_specific_survey":0,"_uf_disable_surveys":false,"footnotes":""},"class_list":["post-2771","page","type-page","status-publish","hentry"],"_links":{"self":[{"href":"https:\/\/www.tabeka.nl\/de\/wp-json\/wp\/v2\/pages\/2771","targetHints":{"allow":["GET"]}}],"collection":[{"href":"https:\/\/www.tabeka.nl\/de\/wp-json\/wp\/v2\/pages"}],"about":[{"href":"https:\/\/www.tabeka.nl\/de\/wp-json\/wp\/v2\/types\/page"}],"author":[{"embeddable":true,"href":"https:\/\/www.tabeka.nl\/de\/wp-json\/wp\/v2\/users\/1"}],"replies":[{"embeddable":true,"href":"https:\/\/www.tabeka.nl\/de\/wp-json\/wp\/v2\/comments?post=2771"}],"version-history":[{"count":4,"href":"https:\/\/www.tabeka.nl\/de\/wp-json\/wp\/v2\/pages\/2771\/revisions"}],"predecessor-version":[{"id":3404,"href":"https:\/\/www.tabeka.nl\/de\/wp-json\/wp\/v2\/pages\/2771\/revisions\/3404"}],"wp:attachment":[{"href":"https:\/\/www.tabeka.nl\/de\/wp-json\/wp\/v2\/media?parent=2771"}],"curies":[{"name":"wp","href":"https:\/\/api.w.org\/{rel}","templated":true}]}}